{"id":1919,"date":"2024-06-27T17:22:57","date_gmt":"2024-06-27T17:22:57","guid":{"rendered":"https:\/\/arivasltd.com\/?post_type=product&#038;p=1919"},"modified":"2024-06-27T17:22:57","modified_gmt":"2024-06-27T17:22:57","slug":"wood-pellet-wood-pellet-pellet-bag-15kg","status":"publish","type":"product","link":"https:\/\/arivasltd.com\/index.php\/product\/wood-pellet-wood-pellet-pellet-bag-15kg\/","title":{"rendered":"WOOD PELLET wood pellet. Pellet bag 15kg"},"content":{"rendered":"<div class=\"boxhead\">\n<h2><span>Description<\/span><\/h2>\n<\/div>\n<div class=\"innerbox\">\n<div class=\"resetcss\">\n<p><span>Pellets are produced from the highest quality, specially selected\u00a0<\/span><strong><span>dry sawdust and chips<\/span><\/strong><span>\u00a0, which allows for a very high calorific value and low ash content.<\/span><\/p>\n<p><span>The light yellow color is the result of using only dry raw materials in the production process.<\/span><\/p>\n<p><span>Pellet properties<\/span><\/p>\n<p><span>\u2022\u00a0<\/span><strong><span>high-calorie<\/span><\/strong><span>\u00a0&#8211; about\u00a0<\/span><strong><span>5.3 kWh<\/span><\/strong><span>\u00a0per kilogram of pellets (1 ton of pellets replaces 470 l of fuel oil; 572 m\u00b3 of natural gas; 429 l of LPG gas; 0.79 t of high-calorie coal (e.g. eco-pea coal)<\/span><\/p>\n<p><span>\u2022\u00a0<\/span><strong><span>a small amount of ash<\/span><\/strong><span>\u00a0remaining after burning the pellets (0.5 &#8211; 0.7%)<\/span><\/p>\n<p><span>\u2022\u00a0<\/span><strong><span>easy to store<\/span><\/strong><span>\u00a0(1 ton of pellets packed in 15 kg and 25 kg bags takes 2 m\u00b3; loose pellets take 1.7 m\u00b3<\/span><\/p>\n<p><span>\u2022\u00a0<\/span><strong><span>ecological<\/span><\/strong><\/p>\n<p><span>\u2022\u00a0<\/span><strong><span>does not contain harmful substances<\/span><\/strong><\/p>\n<p><span>\u2022\u00a0<\/span><strong><span>does not emit odors that are bothersome or unpleasant for humans<\/span><\/strong><\/p>\n<p><span>\u2022\u00a0<\/span><strong><span>does not cause allergies<\/span><\/strong><\/p>\n<p><span>\u2022\u00a0<\/span><strong><span>clean to use<\/span><\/strong><span>\u00a0&#8211; it does not dirty the rooms like other solid fuels, such as coal (called eco-pea coal), wood, coke, coal dust.<\/span><\/p>\n<p><strong><span>Composition:<\/span><\/strong><\/p>\n<p><span>Granules pressed under high temperature and pressure from dry, ground clean wood sawdust. The standard composition for pellets is 100% coniferous sawdust, 70% hardwood sawdust and 30% coniferous sawdust. The composition of pellets may change due to the processed wood materials.<\/span><\/p>\n<p><span>The taniogrzenie.pl online store allows customers to purchase heat pumps, boilers and furnaces at manufacturer prices via the Internet and in a network of installation stores. It is possible to collect the central heating boiler in our stores located in: P\u0142o\u0144sk, Warsaw, Radom, P\u0142o\u0144sk, Olsztyn, Grodzisk Mazowiecki, Kielce. We also offer our clients boilers in installments, assistance in obtaining financing for a furnace or boiler, as well as installation and warranty\/post-warranty service.<\/span><\/p>\n<\/div>\n<\/div>\n","protected":false},"excerpt":{"rendered":"<p>Description Pellets are produced from the highest quality, specially selected\u00a0dry sawdust and chips\u00a0, which allows for a very high calorific value and low ash content. The light yellow color is the result of using only dry raw materials in the production process. Pellet properties \u2022\u00a0high-calorie\u00a0&#8211; about\u00a05.3 kWh\u00a0per kilogram of pellets (1 ton of pellets replaces 470 l of fuel oil; 572 m\u00b3 of natural gas; 429 l of LPG gas; 0.79 t of high-calorie coal (e.g. eco-pea coal) \u2022\u00a0a small amount of ash\u00a0remaining after burning the pellets (0.5 &#8211; 0.7%) \u2022\u00a0easy to store\u00a0(1 ton of pellets packed in 15 kg and 25 kg bags takes 2 m\u00b3; loose pellets take 1.7 m\u00b3 \u2022\u00a0ecological \u2022\u00a0does not contain harmful substances \u2022\u00a0does not emit odors that are bothersome or unpleasant for humans \u2022\u00a0does not cause allergies \u2022\u00a0clean to use\u00a0&#8211; it does not dirty the rooms like other solid fuels, such as coal (called eco-pea coal), wood, coke, coal dust. Composition: Granules pressed under high temperature and pressure from dry, ground clean wood sawdust. The standard composition for pellets is 100% coniferous sawdust, 70% hardwood sawdust and 30% coniferous sawdust. The composition of pellets may change due to the processed wood materials. The taniogrzenie.pl online store allows customers to purchase heat pumps, boilers and furnaces at manufacturer prices via the Internet and in a network of installation stores. It is possible to collect the central heating boiler in our stores located in: P\u0142o\u0144sk, Warsaw, Radom, P\u0142o\u0144sk, Olsztyn, Grodzisk Mazowiecki, Kielce. We also offer our clients boilers in installments, assistance in obtaining financing for a furnace or boiler, as well as installation and warranty\/post-warranty service.<\/p>\n","protected":false},"featured_media":1921,"comment_status":"open","ping_status":"closed","template":"","meta":{"_eb_attr":"","_joinchat":[]},"product_brand":[],"product_cat":[55],"product_tag":[],"class_list":{"0":"post-1919","1":"product","2":"type-product","3":"status-publish","4":"has-post-thumbnail","6":"product_cat-firewood-and-pellets","8":"first","9":"instock","10":"shipping-taxable","11":"product-type-simple"},"yoast_head":"<!-- This site is optimized with the Yoast SEO plugin v27.3 - https:\/\/yoast.com\/product\/yoast-seo-wordpress\/ -->\n<title>WOOD PELLET wood pellet. Pellet bag 15kg - Arivas LTD<\/title>\n<meta name=\"description\" content=\"Pellets\" \/>\n<meta name=\"robots\" content=\"index, follow, max-snippet:-1, max-image-preview:large, max-video-preview:-1\" \/>\n<link rel=\"canonical\" href=\"https:\/\/arivasltd.com\/index.php\/product\/wood-pellet-wood-pellet-pellet-bag-15kg\/\" \/>\n<meta property=\"og:locale\" content=\"en_US\" \/>\n<meta property=\"og:type\" content=\"article\" \/>\n<meta property=\"og:title\" content=\"WOOD PELLET wood pellet. Pellet bag 15kg - Arivas LTD\" \/>\n<meta property=\"og:description\" content=\"Pellets\" \/>\n<meta property=\"og:url\" content=\"https:\/\/arivasltd.com\/index.php\/product\/wood-pellet-wood-pellet-pellet-bag-15kg\/\" \/>\n<meta property=\"og:site_name\" content=\"Arivas LTD\" \/>\n<meta property=\"og:image\" content=\"https:\/\/arivasltd.com\/wp-content\/uploads\/2024\/06\/3f2c3c3fc96066b3db3e76dd6652367f.jpg\" \/>\n\t<meta property=\"og:image:width\" content=\"530\" \/>\n\t<meta property=\"og:image:height\" content=\"570\" \/>\n\t<meta property=\"og:image:type\" content=\"image\/jpeg\" \/>\n<meta name=\"twitter:card\" content=\"summary_large_image\" \/>\n<meta name=\"twitter:label1\" content=\"Est. reading time\" \/>\n\t<meta name=\"twitter:data1\" content=\"2 minutes\" \/>\n<script type=\"application\/ld+json\" class=\"yoast-schema-graph\">{\"@context\":\"https:\\\/\\\/schema.org\",\"@graph\":[{\"@type\":\"WebPage\",\"@id\":\"https:\\\/\\\/arivasltd.com\\\/index.php\\\/product\\\/wood-pellet-wood-pellet-pellet-bag-15kg\\\/\",\"url\":\"https:\\\/\\\/arivasltd.com\\\/index.php\\\/product\\\/wood-pellet-wood-pellet-pellet-bag-15kg\\\/\",\"name\":\"WOOD PELLET wood pellet. Pellet bag 15kg - Arivas LTD\",\"isPartOf\":{\"@id\":\"https:\\\/\\\/arivasltd.com\\\/#website\"},\"primaryImageOfPage\":{\"@id\":\"https:\\\/\\\/arivasltd.com\\\/index.php\\\/product\\\/wood-pellet-wood-pellet-pellet-bag-15kg\\\/#primaryimage\"},\"image\":{\"@id\":\"https:\\\/\\\/arivasltd.com\\\/index.php\\\/product\\\/wood-pellet-wood-pellet-pellet-bag-15kg\\\/#primaryimage\"},\"thumbnailUrl\":\"https:\\\/\\\/arivasltd.com\\\/wp-content\\\/uploads\\\/2024\\\/06\\\/3f2c3c3fc96066b3db3e76dd6652367f.jpg\",\"datePublished\":\"2024-06-27T17:22:57+00:00\",\"description\":\"Pellets\",\"breadcrumb\":{\"@id\":\"https:\\\/\\\/arivasltd.com\\\/index.php\\\/product\\\/wood-pellet-wood-pellet-pellet-bag-15kg\\\/#breadcrumb\"},\"inLanguage\":\"en-US\",\"potentialAction\":[{\"@type\":\"ReadAction\",\"target\":[\"https:\\\/\\\/arivasltd.com\\\/index.php\\\/product\\\/wood-pellet-wood-pellet-pellet-bag-15kg\\\/\"]}]},{\"@type\":\"ImageObject\",\"inLanguage\":\"en-US\",\"@id\":\"https:\\\/\\\/arivasltd.com\\\/index.php\\\/product\\\/wood-pellet-wood-pellet-pellet-bag-15kg\\\/#primaryimage\",\"url\":\"https:\\\/\\\/arivasltd.com\\\/wp-content\\\/uploads\\\/2024\\\/06\\\/3f2c3c3fc96066b3db3e76dd6652367f.jpg\",\"contentUrl\":\"https:\\\/\\\/arivasltd.com\\\/wp-content\\\/uploads\\\/2024\\\/06\\\/3f2c3c3fc96066b3db3e76dd6652367f.jpg\",\"width\":530,\"height\":570},{\"@type\":\"BreadcrumbList\",\"@id\":\"https:\\\/\\\/arivasltd.com\\\/index.php\\\/product\\\/wood-pellet-wood-pellet-pellet-bag-15kg\\\/#breadcrumb\",\"itemListElement\":[{\"@type\":\"ListItem\",\"position\":1,\"name\":\"Home\",\"item\":\"https:\\\/\\\/arivasltd.com\\\/\"},{\"@type\":\"ListItem\",\"position\":2,\"name\":\"Shop\",\"item\":\"https:\\\/\\\/arivasltd.com\\\/index.php\\\/shop\\\/\"},{\"@type\":\"ListItem\",\"position\":3,\"name\":\"WOOD PELLET wood pellet. Pellet bag 15kg\"}]},{\"@type\":\"WebSite\",\"@id\":\"https:\\\/\\\/arivasltd.com\\\/#website\",\"url\":\"https:\\\/\\\/arivasltd.com\\\/\",\"name\":\"Arivas LTD\",\"description\":\"\",\"publisher\":{\"@id\":\"https:\\\/\\\/arivasltd.com\\\/#organization\"},\"potentialAction\":[{\"@type\":\"SearchAction\",\"target\":{\"@type\":\"EntryPoint\",\"urlTemplate\":\"https:\\\/\\\/arivasltd.com\\\/?s={search_term_string}\"},\"query-input\":{\"@type\":\"PropertyValueSpecification\",\"valueRequired\":true,\"valueName\":\"search_term_string\"}}],\"inLanguage\":\"en-US\"},{\"@type\":\"Organization\",\"@id\":\"https:\\\/\\\/arivasltd.com\\\/#organization\",\"name\":\"Arivas LTD\",\"url\":\"https:\\\/\\\/arivasltd.com\\\/\",\"logo\":{\"@type\":\"ImageObject\",\"inLanguage\":\"en-US\",\"@id\":\"https:\\\/\\\/arivasltd.com\\\/#\\\/schema\\\/logo\\\/image\\\/\",\"url\":\"https:\\\/\\\/arivasltd.com\\\/wp-content\\\/uploads\\\/2024\\\/02\\\/17afde0a-3606-4536-be1b-b18df51d8122.jpeg\",\"contentUrl\":\"https:\\\/\\\/arivasltd.com\\\/wp-content\\\/uploads\\\/2024\\\/02\\\/17afde0a-3606-4536-be1b-b18df51d8122.jpeg\",\"width\":1024,\"height\":533,\"caption\":\"Arivas LTD\"},\"image\":{\"@id\":\"https:\\\/\\\/arivasltd.com\\\/#\\\/schema\\\/logo\\\/image\\\/\"}}]}<\/script>\n<!-- \/ Yoast SEO plugin. -->","yoast_head_json":{"title":"WOOD PELLET wood pellet. Pellet bag 15kg - Arivas LTD","description":"Pellets","robots":{"index":"index","follow":"follow","max-snippet":"max-snippet:-1","max-image-preview":"max-image-preview:large","max-video-preview":"max-video-preview:-1"},"canonical":"https:\/\/arivasltd.com\/index.php\/product\/wood-pellet-wood-pellet-pellet-bag-15kg\/","og_locale":"en_US","og_type":"article","og_title":"WOOD PELLET wood pellet. Pellet bag 15kg - Arivas LTD","og_description":"Pellets","og_url":"https:\/\/arivasltd.com\/index.php\/product\/wood-pellet-wood-pellet-pellet-bag-15kg\/","og_site_name":"Arivas LTD","og_image":[{"width":530,"height":570,"url":"https:\/\/arivasltd.com\/wp-content\/uploads\/2024\/06\/3f2c3c3fc96066b3db3e76dd6652367f.jpg","type":"image\/jpeg"}],"twitter_card":"summary_large_image","twitter_misc":{"Est. reading time":"2 minutes"},"schema":{"@context":"https:\/\/schema.org","@graph":[{"@type":"WebPage","@id":"https:\/\/arivasltd.com\/index.php\/product\/wood-pellet-wood-pellet-pellet-bag-15kg\/","url":"https:\/\/arivasltd.com\/index.php\/product\/wood-pellet-wood-pellet-pellet-bag-15kg\/","name":"WOOD PELLET wood pellet. Pellet bag 15kg - Arivas LTD","isPartOf":{"@id":"https:\/\/arivasltd.com\/#website"},"primaryImageOfPage":{"@id":"https:\/\/arivasltd.com\/index.php\/product\/wood-pellet-wood-pellet-pellet-bag-15kg\/#primaryimage"},"image":{"@id":"https:\/\/arivasltd.com\/index.php\/product\/wood-pellet-wood-pellet-pellet-bag-15kg\/#primaryimage"},"thumbnailUrl":"https:\/\/arivasltd.com\/wp-content\/uploads\/2024\/06\/3f2c3c3fc96066b3db3e76dd6652367f.jpg","datePublished":"2024-06-27T17:22:57+00:00","description":"Pellets","breadcrumb":{"@id":"https:\/\/arivasltd.com\/index.php\/product\/wood-pellet-wood-pellet-pellet-bag-15kg\/#breadcrumb"},"inLanguage":"en-US","potentialAction":[{"@type":"ReadAction","target":["https:\/\/arivasltd.com\/index.php\/product\/wood-pellet-wood-pellet-pellet-bag-15kg\/"]}]},{"@type":"ImageObject","inLanguage":"en-US","@id":"https:\/\/arivasltd.com\/index.php\/product\/wood-pellet-wood-pellet-pellet-bag-15kg\/#primaryimage","url":"https:\/\/arivasltd.com\/wp-content\/uploads\/2024\/06\/3f2c3c3fc96066b3db3e76dd6652367f.jpg","contentUrl":"https:\/\/arivasltd.com\/wp-content\/uploads\/2024\/06\/3f2c3c3fc96066b3db3e76dd6652367f.jpg","width":530,"height":570},{"@type":"BreadcrumbList","@id":"https:\/\/arivasltd.com\/index.php\/product\/wood-pellet-wood-pellet-pellet-bag-15kg\/#breadcrumb","itemListElement":[{"@type":"ListItem","position":1,"name":"Home","item":"https:\/\/arivasltd.com\/"},{"@type":"ListItem","position":2,"name":"Shop","item":"https:\/\/arivasltd.com\/index.php\/shop\/"},{"@type":"ListItem","position":3,"name":"WOOD PELLET wood pellet. Pellet bag 15kg"}]},{"@type":"WebSite","@id":"https:\/\/arivasltd.com\/#website","url":"https:\/\/arivasltd.com\/","name":"Arivas LTD","description":"","publisher":{"@id":"https:\/\/arivasltd.com\/#organization"},"potentialAction":[{"@type":"SearchAction","target":{"@type":"EntryPoint","urlTemplate":"https:\/\/arivasltd.com\/?s={search_term_string}"},"query-input":{"@type":"PropertyValueSpecification","valueRequired":true,"valueName":"search_term_string"}}],"inLanguage":"en-US"},{"@type":"Organization","@id":"https:\/\/arivasltd.com\/#organization","name":"Arivas LTD","url":"https:\/\/arivasltd.com\/","logo":{"@type":"ImageObject","inLanguage":"en-US","@id":"https:\/\/arivasltd.com\/#\/schema\/logo\/image\/","url":"https:\/\/arivasltd.com\/wp-content\/uploads\/2024\/02\/17afde0a-3606-4536-be1b-b18df51d8122.jpeg","contentUrl":"https:\/\/arivasltd.com\/wp-content\/uploads\/2024\/02\/17afde0a-3606-4536-be1b-b18df51d8122.jpeg","width":1024,"height":533,"caption":"Arivas LTD"},"image":{"@id":"https:\/\/arivasltd.com\/#\/schema\/logo\/image\/"}}]}},"jetpack_sharing_enabled":true,"_links":{"self":[{"href":"https:\/\/arivasltd.com\/index.php\/wp-json\/wp\/v2\/product\/1919","targetHints":{"allow":["GET"]}}],"collection":[{"href":"https:\/\/arivasltd.com\/index.php\/wp-json\/wp\/v2\/product"}],"about":[{"href":"https:\/\/arivasltd.com\/index.php\/wp-json\/wp\/v2\/types\/product"}],"replies":[{"embeddable":true,"href":"https:\/\/arivasltd.com\/index.php\/wp-json\/wp\/v2\/comments?post=1919"}],"wp:featuredmedia":[{"embeddable":true,"href":"https:\/\/arivasltd.com\/index.php\/wp-json\/wp\/v2\/media\/1921"}],"wp:attachment":[{"href":"https:\/\/arivasltd.com\/index.php\/wp-json\/wp\/v2\/media?parent=1919"}],"wp:term":[{"taxonomy":"product_brand","embeddable":true,"href":"https:\/\/arivasltd.com\/index.php\/wp-json\/wp\/v2\/product_brand?post=1919"},{"taxonomy":"product_cat","embeddable":true,"href":"https:\/\/arivasltd.com\/index.php\/wp-json\/wp\/v2\/product_cat?post=1919"},{"taxonomy":"product_tag","embeddable":true,"href":"https:\/\/arivasltd.com\/index.php\/wp-json\/wp\/v2\/product_tag?post=1919"}],"curies":[{"name":"wp","href":"https:\/\/api.w.org\/{rel}","templated":true}]}}